{"id":65,"date":"2018-11-02T16:37:47","date_gmt":"2018-11-02T15:37:47","guid":{"rendered":"http:\/\/www.ihrgartengestalter.at\/?page_id=65"},"modified":"2019-01-29T13:29:32","modified_gmt":"2019-01-29T12:29:32","slug":"ueber-uns","status":"publish","type":"page","link":"https:\/\/www.ihrgartengestalter.at\/index.php\/ueber-uns\/","title":{"rendered":"\u00dcber uns"},"content":{"rendered":"\t\t<div data-elementor-type=\"wp-post\" data-elementor-id=\"65\" class=\"elementor elementor-65 elementor-bc-flex-widget\">\n\t\t\t\t\t\t<div class=\"elementor-inner\">\n\t\t\t\t<div class=\"elementor-section-wrap\">\n\t\t\t\t\t\t\t\t\t<section class=\"elementor-section elementor-top-section elementor-element elementor-element-4746952 elementor-section-boxed elementor-section-height-default elementor-section-height-default\" data-id=\"4746952\" data-element_type=\"section\">\n\t\t\t\t\t\t<div class=\"elementor-container elementor-column-gap-default\">\n\t\t\t\t\t\t\t<div class=\"elementor-row\">\n\t\t\t\t\t<div class=\"elementor-column elementor-col-100 elementor-top-column elementor-element elementor-element-79da2f6\" data-id=\"79da2f6\" data-element_type=\"column\">\n\t\t\t<div class=\"elementor-column-wrap elementor-element-populated\">\n\t\t\t\t\t\t\t<div class=\"elementor-widget-wrap\">\n\t\t\t\t\t\t<div class=\"elementor-element elementor-element-00587c9 elementor-vertical-align-middle elementor-view-default elementor-widget elementor-widget-icon-box\" data-id=\"00587c9\" data-element_type=\"widget\" data-widget_type=\"icon-box.default\">\n\t\t\t\t<div class=\"elementor-widget-container\">\n\t\t\t\t\t<div class=\"elementor-icon-box-wrapper\">\n\t\t\t\t\t\t<div class=\"elementor-icon-box-content\">\n\t\t\t\t<h3 class=\"elementor-icon-box-title\">\n\t\t\t\t\t<span  >\n\t\t\t\t\t\tDipl.-Ing. Christine Weinzettel\t\t\t\t\t<\/span>\n\t\t\t\t<\/h3>\n\t\t\t\t\t\t\t<\/div>\n\t\t<\/div>\n\t\t\t\t<\/div>\n\t\t\t\t<\/div>\n\t\t\t\t<section class=\"elementor-section elementor-inner-section elementor-element elementor-element-7c6bb62 elementor-section-boxed elementor-section-height-default elementor-section-height-default\" data-id=\"7c6bb62\" data-element_type=\"section\">\n\t\t\t\t\t\t<div class=\"elementor-container elementor-column-gap-default\">\n\t\t\t\t\t\t\t<div class=\"elementor-row\">\n\t\t\t\t\t<div class=\"elementor-column elementor-col-50 elementor-inner-column elementor-element elementor-element-dabb514\" data-id=\"dabb514\" data-element_type=\"column\">\n\t\t\t<div class=\"elementor-column-wrap elementor-element-populated\">\n\t\t\t\t\t\t\t<div class=\"elementor-widget-wrap\">\n\t\t\t\t\t\t<div class=\"elementor-element elementor-element-2755719 elementor-widget elementor-widget-image\" data-id=\"2755719\" data-element_type=\"widget\" data-widget_type=\"image.default\">\n\t\t\t\t<div class=\"elementor-widget-container\">\n\t\t\t\t\t\t\t\t<div class=\"elementor-image\">\n\t\t\t\t\t\t\t\t\t\t\t\t<img width=\"640\" height=\"897\" src=\"https:\/\/www.ihrgartengestalter.at\/wp-content\/uploads\/2019\/01\/DSC4486--731x1024.jpg\" class=\"attachment-large size-large\" alt=\"\" loading=\"lazy\" srcset=\"https:\/\/www.ihrgartengestalter.at\/wp-content\/uploads\/2019\/01\/DSC4486--731x1024.jpg 731w, https:\/\/www.ihrgartengestalter.at\/wp-content\/uploads\/2019\/01\/DSC4486--214x300.jpg 214w, https:\/\/www.ihrgartengestalter.at\/wp-content\/uploads\/2019\/01\/DSC4486--768x1075.jpg 768w, https:\/\/www.ihrgartengestalter.at\/wp-content\/uploads\/2019\/01\/DSC4486--257x360.jpg 257w\" sizes=\"(max-width: 640px) 100vw, 640px\" \/>\t\t\t\t\t\t\t\t\t\t\t\t\t\t<\/div>\n\t\t\t\t\t\t<\/div>\n\t\t\t\t<\/div>\n\t\t\t\t\t\t<\/div>\n\t\t\t\t\t<\/div>\n\t\t<\/div>\n\t\t\t\t<div class=\"elementor-column elementor-col-50 elementor-inner-column elementor-element elementor-element-11d9aed\" data-id=\"11d9aed\" data-element_type=\"column\">\n\t\t\t<div class=\"elementor-column-wrap elementor-element-populated\">\n\t\t\t\t\t\t\t<div class=\"elementor-widget-wrap\">\n\t\t\t\t\t\t<div class=\"elementor-element elementor-element-3759cfa elementor-widget elementor-widget-text-editor\" data-id=\"3759cfa\" data-element_type=\"widget\" data-widget_type=\"text-editor.default\">\n\t\t\t\t<div class=\"elementor-widget-container\">\n\t\t\t\t\t\t\t\t<div class=\"elementor-text-editor elementor-clearfix\">\n\t\t\t\t<ul><li style=\"font-family: PT sans; font-size: 18px;\">Geboren 1971 in St. P\u00f6lten<\/li><li style=\"font-family: PT sans; font-size: 18px;\">Abschluss des Studiums der Gr\u00fcnraum und Gartengestaltung an der Universit\u00e4t f\u00fcr Bodenkultur Wien mit Auszeichnung<\/li><li style=\"font-family: PT sans; font-size: 18px;\">Langj\u00e4hrige Erfahrung als Gartentechnikerin bei den Kittenberger Erlebnisg\u00e4rten<\/li><li style=\"font-family: PT sans; font-size: 18px;\">Selbstst\u00e4ndig seit 2009 mit der Ihr Gartengestalter Weinzettel GmbH<\/li><\/ul><p style=\"font-family: PT sans; font-size: 18px;\">Die Freude in und mit der Natur zu arbeiten bestimmt mein Leben. Den Lauf der Jahreszeiten zu beobachten ist etwas Gro\u00dfartiges. Ein Garten ist ein Teil der Natur und erz\u00e4hlt zu jeder Jahreszeit seine eigene Geschichte \u2013 ob bunt und wild zu den Bl\u00fctezeiten \u2013 oder ruhig und sanft im Winter. Der respektvolle Umgang mit der Natur ist mir ein besonderes Anliegen. Doch das Sch\u00f6nste an meinem Beruf ist anderen Menschen ein kleines St\u00fcck Natur n\u00e4her zu bringen, gemeinsam dieses St\u00fcckchen zu gestalten und dadurch meinen Kunden Freude zu bereiten.<\/p>\t\t\t\t\t<\/div>\n\t\t\t\t\t\t<\/div>\n\t\t\t\t<\/div>\n\t\t\t\t\t\t<\/div>\n\t\t\t\t\t<\/div>\n\t\t<\/div>\n\t\t\t\t\t\t\t\t<\/div>\n\t\t\t\t\t<\/div>\n\t\t<\/section>\n\t\t\t\t<div class=\"elementor-element elementor-element-365db09 elementor-widget elementor-widget-spacer\" data-id=\"365db09\" data-element_type=\"widget\" data-widget_type=\"spacer.default\">\n\t\t\t\t<div class=\"elementor-widget-container\">\n\t\t\t\t\t<div class=\"elementor-spacer\">\n\t\t\t<div class=\"elementor-spacer-inner\"><\/div>\n\t\t<\/div>\n\t\t\t\t<\/div>\n\t\t\t\t<\/div>\n\t\t\t\t<div class=\"elementor-element elementor-element-3b8994d elementor-vertical-align-middle elementor-view-default elementor-widget elementor-widget-icon-box\" data-id=\"3b8994d\" data-element_type=\"widget\" data-widget_type=\"icon-box.default\">\n\t\t\t\t<div class=\"elementor-widget-container\">\n\t\t\t\t\t<div class=\"elementor-icon-box-wrapper\">\n\t\t\t\t\t\t<div class=\"elementor-icon-box-content\">\n\t\t\t\t<h3 class=\"elementor-icon-box-title\">\n\t\t\t\t\t<span  >\n\t\t\t\t\t\tDipl.-Ing. Christopher Wopalensky\t\t\t\t\t<\/span>\n\t\t\t\t<\/h3>\n\t\t\t\t\t\t\t<\/div>\n\t\t<\/div>\n\t\t\t\t<\/div>\n\t\t\t\t<\/div>\n\t\t\t\t<section class=\"elementor-section elementor-inner-section elementor-element elementor-element-cea0bfc elementor-section-boxed elementor-section-height-default elementor-section-height-default\" data-id=\"cea0bfc\" data-element_type=\"section\">\n\t\t\t\t\t\t<div class=\"elementor-container elementor-column-gap-default\">\n\t\t\t\t\t\t\t<div class=\"elementor-row\">\n\t\t\t\t\t<div class=\"elementor-column elementor-col-50 elementor-inner-column elementor-element elementor-element-4bd7735\" data-id=\"4bd7735\" data-element_type=\"column\">\n\t\t\t<div class=\"elementor-column-wrap elementor-element-populated\">\n\t\t\t\t\t\t\t<div class=\"elementor-widget-wrap\">\n\t\t\t\t\t\t<div class=\"elementor-element elementor-element-3d12557 elementor-widget elementor-widget-image\" data-id=\"3d12557\" data-element_type=\"widget\" data-widget_type=\"image.default\">\n\t\t\t\t<div class=\"elementor-widget-container\">\n\t\t\t\t\t\t\t\t<div class=\"elementor-image\">\n\t\t\t\t\t\t\t\t\t\t\t\t<img width=\"640\" height=\"897\" src=\"https:\/\/www.ihrgartengestalter.at\/wp-content\/uploads\/2019\/01\/DSC4435--731x1024.jpg\" class=\"attachment-large size-large\" alt=\"\" loading=\"lazy\" srcset=\"https:\/\/www.ihrgartengestalter.at\/wp-content\/uploads\/2019\/01\/DSC4435--731x1024.jpg 731w, https:\/\/www.ihrgartengestalter.at\/wp-content\/uploads\/2019\/01\/DSC4435--214x300.jpg 214w, https:\/\/www.ihrgartengestalter.at\/wp-content\/uploads\/2019\/01\/DSC4435--768x1075.jpg 768w, https:\/\/www.ihrgartengestalter.at\/wp-content\/uploads\/2019\/01\/DSC4435--257x360.jpg 257w\" sizes=\"(max-width: 640px) 100vw, 640px\" \/>\t\t\t\t\t\t\t\t\t\t\t\t\t\t<\/div>\n\t\t\t\t\t\t<\/div>\n\t\t\t\t<\/div>\n\t\t\t\t\t\t<\/div>\n\t\t\t\t\t<\/div>\n\t\t<\/div>\n\t\t\t\t<div class=\"elementor-column elementor-col-50 elementor-inner-column elementor-element elementor-element-ca2fc97\" data-id=\"ca2fc97\" data-element_type=\"column\">\n\t\t\t<div class=\"elementor-column-wrap elementor-element-populated\">\n\t\t\t\t\t\t\t<div class=\"elementor-widget-wrap\">\n\t\t\t\t\t\t<div class=\"elementor-element elementor-element-a69678a elementor-widget elementor-widget-text-editor\" data-id=\"a69678a\" data-element_type=\"widget\" data-widget_type=\"text-editor.default\">\n\t\t\t\t<div class=\"elementor-widget-container\">\n\t\t\t\t\t\t\t\t<div class=\"elementor-text-editor elementor-clearfix\">\n\t\t\t\t<ul><li style=\"font-family: PT sans; font-size: 18px;\">Geboren 1970 in Wilhelmsburg<\/li><li>Abschluss des Studiums des Gartenbaus und der Gr\u00fcnraumgestaltung an der Universit\u00e4t f\u00fcr Bodenkultur Wien, welches aufgrund der gro\u00dfen Liebe zur Natur mit ausgezeichnetem Erfolg abgeschlossen wurde<\/li><li style=\"font-family: PT sans; font-size: 18px;\">Selbstst\u00e4ndig seit 2004<\/li><\/ul><p class=\"x_MsoNormal\">Meine gro\u00dfe Leidenschaft gilt der Planung und Realisierung von ganzj\u00e4hrig attraktiven Staudengestaltungen \u00a0und den nat\u00fcrlichen Badegew\u00e4ssern.<\/p><p class=\"x_MsoNormal\">Die Fotos von gl\u00fccklich und zufrieden plantschenden Familien im Schwimmteich oder Naturpool sind der Dank f\u00fcr unz\u00e4hlige in Know-How investierte Stunden.<\/p>\t\t\t\t\t<\/div>\n\t\t\t\t\t\t<\/div>\n\t\t\t\t<\/div>\n\t\t\t\t\t\t<\/div>\n\t\t\t\t\t<\/div>\n\t\t<\/div>\n\t\t\t\t\t\t\t\t<\/div>\n\t\t\t\t\t<\/div>\n\t\t<\/section>\n\t\t\t\t\t\t<\/div>\n\t\t\t\t\t<\/div>\n\t\t<\/div>\n\t\t\t\t\t\t\t\t<\/div>\n\t\t\t\t\t<\/div>\n\t\t<\/section>\n\t\t\t\t\t\t\t\t\t<\/div>\n\t\t\t<\/div>\n\t\t\t\t\t<\/div>\n\t\t","protected":false},"excerpt":{"rendered":"<p>Dipl.-Ing. Christine Weinzettel Geboren 1971 in St. P\u00f6lten Abschluss des Studiums der Gr\u00fcnraum und Gartengestaltung an der Universit\u00e4t f\u00fcr Bodenkultur Wien mit Auszeichnung Langj\u00e4hrige Erfahrung als Gartentechnikerin bei den Kittenberger Erlebnisg\u00e4rten Selbstst\u00e4ndig seit 2009 mit der Ihr Gartengestalter Weinzettel GmbH Die Freude in und mit der Natur zu arbeiten bestimmt mein Leben. Den Lauf der [&hellip;]<\/p>\n","protected":false},"author":1,"featured_media":0,"parent":0,"menu_order":0,"comment_status":"closed","ping_status":"closed","template":"","meta":{"ngg_post_thumbnail":0},"_links":{"self":[{"href":"https:\/\/www.ihrgartengestalter.at\/index.php\/wp-json\/wp\/v2\/pages\/65"}],"collection":[{"href":"https:\/\/www.ihrgartengestalter.at\/index.php\/wp-json\/wp\/v2\/pages"}],"about":[{"href":"https:\/\/www.ihrgartengestalter.at\/index.php\/wp-json\/wp\/v2\/types\/page"}],"author":[{"embeddable":true,"href":"https:\/\/www.ihrgartengestalter.at\/index.php\/wp-json\/wp\/v2\/users\/1"}],"replies":[{"embeddable":true,"href":"https:\/\/www.ihrgartengestalter.at\/index.php\/wp-json\/wp\/v2\/comments?post=65"}],"version-history":[{"count":30,"href":"https:\/\/www.ihrgartengestalter.at\/index.php\/wp-json\/wp\/v2\/pages\/65\/revisions"}],"predecessor-version":[{"id":1294,"href":"https:\/\/www.ihrgartengestalter.at\/index.php\/wp-json\/wp\/v2\/pages\/65\/revisions\/1294"}],"wp:attachment":[{"href":"https:\/\/www.ihrgartengestalter.at\/index.php\/wp-json\/wp\/v2\/media?parent=65"}],"curies":[{"name":"wp","href":"https:\/\/api.w.org\/{rel}","templated":true}]}}