{"id":76,"date":"2018-11-07T19:38:28","date_gmt":"2018-11-07T18:38:28","guid":{"rendered":"http:\/\/www.ihrgartengestalter.at\/?page_id=76"},"modified":"2019-01-22T13:19:04","modified_gmt":"2019-01-22T12:19:04","slug":"holz-im-garten","status":"publish","type":"page","link":"https:\/\/www.ihrgartengestalter.at\/index.php\/angebot\/holz-im-garten\/","title":{"rendered":"Holz im Garten"},"content":{"rendered":"\t\t<div data-elementor-type=\"wp-post\" data-elementor-id=\"76\" class=\"elementor elementor-76 elementor-bc-flex-widget\">\n\t\t\t\t\t\t<div class=\"elementor-inner\">\n\t\t\t\t<div class=\"elementor-section-wrap\">\n\t\t\t\t\t\t\t\t\t<section class=\"elementor-section elementor-top-section elementor-element elementor-element-586ef11 elementor-section-boxed elementor-section-height-default elementor-section-height-default\" data-id=\"586ef11\" data-element_type=\"section\">\n\t\t\t\t\t\t<div class=\"elementor-container elementor-column-gap-default\">\n\t\t\t\t\t\t\t<div class=\"elementor-row\">\n\t\t\t\t\t<div class=\"elementor-column elementor-col-100 elementor-top-column elementor-element elementor-element-321fc7b\" data-id=\"321fc7b\" data-element_type=\"column\">\n\t\t\t<div class=\"elementor-column-wrap elementor-element-populated\">\n\t\t\t\t\t\t\t<div class=\"elementor-widget-wrap\">\n\t\t\t\t\t\t<div class=\"elementor-element elementor-element-f2c611e elementor-vertical-align-middle elementor-view-default elementor-widget elementor-widget-icon-box\" data-id=\"f2c611e\" data-element_type=\"widget\" data-widget_type=\"icon-box.default\">\n\t\t\t\t<div class=\"elementor-widget-container\">\n\t\t\t\t\t<div class=\"elementor-icon-box-wrapper\">\n\t\t\t\t\t\t<div class=\"elementor-icon-box-content\">\n\t\t\t\t<h3 class=\"elementor-icon-box-title\">\n\t\t\t\t\t<span  >\n\t\t\t\t\t\tHolz im Garten\t\t\t\t\t<\/span>\n\t\t\t\t<\/h3>\n\t\t\t\t\t\t\t<\/div>\n\t\t<\/div>\n\t\t\t\t<\/div>\n\t\t\t\t<\/div>\n\t\t\t\t<div class=\"elementor-element elementor-element-45832d9 elementor-widget elementor-widget-text-editor\" data-id=\"45832d9\" data-element_type=\"widget\" data-widget_type=\"text-editor.default\">\n\t\t\t\t<div class=\"elementor-widget-container\">\n\t\t\t\t\t\t\t\t<div class=\"elementor-text-editor elementor-clearfix\">\n\t\t\t\t<p><span style=\"font-size: 18px;\">Holz ist ein nat\u00fcrlicher, nachwachsender Baustoff. Formsch\u00f6ne Sitzpl\u00e4tze und Liegefl\u00e4chen, Rankgitter, Br\u00fccken und B\u00e4nke werden ma\u00dfgenau auf Ihre pers\u00f6nlichen Bed\u00fcrfnisse abgestimmt. Stilvolle Pavillons sind ein Blickfang f\u00fcr Ihren Garten. Um die Pflege f\u00fcr Sie zu erleichtern, arbeiten wir vorwiegend mit unbehandeltem, heimischen L\u00e4rchenholz. Selbstverst\u00e4ndlich bieten wir Ihnen aber auch alle anderen g\u00e4ngigen Gartenh\u00f6lzer und Holzwerkstoffe.<\/span><\/p>\t\t\t\t\t<\/div>\n\t\t\t\t\t\t<\/div>\n\t\t\t\t<\/div>\n\t\t\t\t<section class=\"elementor-section elementor-inner-section elementor-element elementor-element-a30671c elementor-section-boxed elementor-section-height-default elementor-section-height-default\" data-id=\"a30671c\" data-element_type=\"section\">\n\t\t\t\t\t\t<div class=\"elementor-container elementor-column-gap-default\">\n\t\t\t\t\t\t\t<div class=\"elementor-row\">\n\t\t\t\t\t<div class=\"elementor-column elementor-col-50 elementor-inner-column elementor-element elementor-element-b156839\" data-id=\"b156839\" data-element_type=\"column\">\n\t\t\t<div class=\"elementor-column-wrap\">\n\t\t\t\t\t\t\t<div class=\"elementor-widget-wrap\">\n\t\t\t\t\t\t\t\t<\/div>\n\t\t\t\t\t<\/div>\n\t\t<\/div>\n\t\t\t\t<div class=\"elementor-column elementor-col-50 elementor-inner-column elementor-element elementor-element-18794e2\" data-id=\"18794e2\" data-element_type=\"column\">\n\t\t\t<div class=\"elementor-column-wrap\">\n\t\t\t\t\t\t\t<div class=\"elementor-widget-wrap\">\n\t\t\t\t\t\t\t\t<\/div>\n\t\t\t\t\t<\/div>\n\t\t<\/div>\n\t\t\t\t\t\t\t\t<\/div>\n\t\t\t\t\t<\/div>\n\t\t<\/section>\n\t\t\t\t\t\t<\/div>\n\t\t\t\t\t<\/div>\n\t\t<\/div>\n\t\t\t\t\t\t\t\t<\/div>\n\t\t\t\t\t<\/div>\n\t\t<\/section>\n\t\t\t\t\t\t\t\t\t<\/div>\n\t\t\t<\/div>\n\t\t\t\t\t<\/div>\n\t\t","protected":false},"excerpt":{"rendered":"<p>Holz im Garten Holz ist ein nat\u00fcrlicher, nachwachsender Baustoff. Formsch\u00f6ne Sitzpl\u00e4tze und Liegefl\u00e4chen, Rankgitter, Br\u00fccken und B\u00e4nke werden ma\u00dfgenau auf Ihre pers\u00f6nlichen Bed\u00fcrfnisse abgestimmt. Stilvolle Pavillons sind ein Blickfang f\u00fcr Ihren Garten. Um die Pflege f\u00fcr Sie zu erleichtern, arbeiten wir vorwiegend mit unbehandeltem, heimischen L\u00e4rchenholz. Selbstverst\u00e4ndlich bieten wir Ihnen aber auch alle anderen g\u00e4ngigen [&hellip;]<\/p>\n","protected":false},"author":1,"featured_media":0,"parent":31,"menu_order":0,"comment_status":"closed","ping_status":"closed","template":"","meta":{"ngg_post_thumbnail":0},"_links":{"self":[{"href":"https:\/\/www.ihrgartengestalter.at\/index.php\/wp-json\/wp\/v2\/pages\/76"}],"collection":[{"href":"https:\/\/www.ihrgartengestalter.at\/index.php\/wp-json\/wp\/v2\/pages"}],"about":[{"href":"https:\/\/www.ihrgartengestalter.at\/index.php\/wp-json\/wp\/v2\/types\/page"}],"author":[{"embeddable":true,"href":"https:\/\/www.ihrgartengestalter.at\/index.php\/wp-json\/wp\/v2\/users\/1"}],"replies":[{"embeddable":true,"href":"https:\/\/www.ihrgartengestalter.at\/index.php\/wp-json\/wp\/v2\/comments?post=76"}],"version-history":[{"count":22,"href":"https:\/\/www.ihrgartengestalter.at\/index.php\/wp-json\/wp\/v2\/pages\/76\/revisions"}],"predecessor-version":[{"id":1256,"href":"https:\/\/www.ihrgartengestalter.at\/index.php\/wp-json\/wp\/v2\/pages\/76\/revisions\/1256"}],"up":[{"embeddable":true,"href":"https:\/\/www.ihrgartengestalter.at\/index.php\/wp-json\/wp\/v2\/pages\/31"}],"wp:attachment":[{"href":"https:\/\/www.ihrgartengestalter.at\/index.php\/wp-json\/wp\/v2\/media?parent=76"}],"curies":[{"name":"wp","href":"https:\/\/api.w.org\/{rel}","templated":true}]}}