{"id":78,"date":"2018-11-07T19:38:44","date_gmt":"2018-11-07T18:38:44","guid":{"rendered":"http:\/\/www.ihrgartengestalter.at\/?page_id=78"},"modified":"2019-01-22T13:20:39","modified_gmt":"2019-01-22T12:20:39","slug":"wasser-im-garten","status":"publish","type":"page","link":"https:\/\/www.ihrgartengestalter.at\/index.php\/angebot\/wasser-im-garten\/","title":{"rendered":"Wasser im Garten"},"content":{"rendered":"\t\t<div data-elementor-type=\"wp-post\" data-elementor-id=\"78\" class=\"elementor elementor-78 elementor-bc-flex-widget\">\n\t\t\t\t\t\t<div class=\"elementor-inner\">\n\t\t\t\t<div class=\"elementor-section-wrap\">\n\t\t\t\t\t\t\t\t\t<section class=\"elementor-section elementor-top-section elementor-element elementor-element-16c7bdf elementor-section-boxed elementor-section-height-default elementor-section-height-default\" data-id=\"16c7bdf\" data-element_type=\"section\">\n\t\t\t\t\t\t<div class=\"elementor-container elementor-column-gap-default\">\n\t\t\t\t\t\t\t<div class=\"elementor-row\">\n\t\t\t\t\t<div class=\"elementor-column elementor-col-100 elementor-top-column elementor-element elementor-element-122cfb7\" data-id=\"122cfb7\" data-element_type=\"column\">\n\t\t\t<div class=\"elementor-column-wrap elementor-element-populated\">\n\t\t\t\t\t\t\t<div class=\"elementor-widget-wrap\">\n\t\t\t\t\t\t<div class=\"elementor-element elementor-element-98117ab elementor-vertical-align-middle elementor-view-default elementor-widget elementor-widget-icon-box\" data-id=\"98117ab\" data-element_type=\"widget\" data-widget_type=\"icon-box.default\">\n\t\t\t\t<div class=\"elementor-widget-container\">\n\t\t\t\t\t<div class=\"elementor-icon-box-wrapper\">\n\t\t\t\t\t\t<div class=\"elementor-icon-box-content\">\n\t\t\t\t<h3 class=\"elementor-icon-box-title\">\n\t\t\t\t\t<span  >\n\t\t\t\t\t\tWasser im Garten\t\t\t\t\t<\/span>\n\t\t\t\t<\/h3>\n\t\t\t\t\t\t\t<\/div>\n\t\t<\/div>\n\t\t\t\t<\/div>\n\t\t\t\t<\/div>\n\t\t\t\t<div class=\"elementor-element elementor-element-44bd3e8 elementor-widget elementor-widget-text-editor\" data-id=\"44bd3e8\" data-element_type=\"widget\" data-widget_type=\"text-editor.default\">\n\t\t\t\t<div class=\"elementor-widget-container\">\n\t\t\t\t\t\t\t\t<div class=\"elementor-text-editor elementor-clearfix\">\n\t\t\t\t<p style=\"font-family: Roboto, sans-serif; font-size: 18px;\"><span style=\"font-size: 18px;\">Wasser ist Leben! Sprudelnde Quellsteine, verwunschene Brunnen, pl\u00e4tschernde Wasserf\u00e4lle und sanft bewegte Bachl\u00e4ufe bringen eine lebendige Atmosph\u00e4re in Ihren Garten. Teiche schaffen Lebensraum f\u00fcr unz\u00e4hlige Arten von Leben, die zum Staunen und Beobachten einladen. Verweilen Sie bei \u00fcppigen Seerosen und vergessen Sie die Sorgen des Alltags.<\/span>\t\t\t\t\t<\/div>\n\t\t\t\t\t\t<\/div>\n\t\t\t\t<\/div>\n\t\t\t\t<div class=\"elementor-element elementor-element-84f6304 elementor-widget elementor-widget-spacer\" data-id=\"84f6304\" data-element_type=\"widget\" data-widget_type=\"spacer.default\">\n\t\t\t\t<div class=\"elementor-widget-container\">\n\t\t\t\t\t<div class=\"elementor-spacer\">\n\t\t\t<div class=\"elementor-spacer-inner\"><\/div>\n\t\t<\/div>\n\t\t\t\t<\/div>\n\t\t\t\t<\/div>\n\t\t\t\t<div class=\"elementor-element elementor-element-dfc92e3 elementor-vertical-align-middle elementor-view-default elementor-widget elementor-widget-icon-box\" data-id=\"dfc92e3\" data-element_type=\"widget\" data-widget_type=\"icon-box.default\">\n\t\t\t\t<div class=\"elementor-widget-container\">\n\t\t\t\t\t<div class=\"elementor-icon-box-wrapper\">\n\t\t\t\t\t\t<div class=\"elementor-icon-box-content\">\n\t\t\t\t<h3 class=\"elementor-icon-box-title\">\n\t\t\t\t\t<span  >\n\t\t\t\t\t\tSchwimmteiche &amp; Naturpools\t\t\t\t\t<\/span>\n\t\t\t\t<\/h3>\n\t\t\t\t\t\t\t<\/div>\n\t\t<\/div>\n\t\t\t\t<\/div>\n\t\t\t\t<\/div>\n\t\t\t\t<div class=\"elementor-element elementor-element-85697b6 elementor-widget elementor-widget-text-editor\" data-id=\"85697b6\" data-element_type=\"widget\" data-widget_type=\"text-editor.default\">\n\t\t\t\t<div class=\"elementor-widget-container\">\n\t\t\t\t\t\t\t\t<div class=\"elementor-text-editor elementor-clearfix\">\n\t\t\t\t<p style=\"font-family: Roboto, sans-serif; font-size: 18px;\">Ein Schwimmteich oder ein Naturpool kann den optischen Mittelpunkt in Ihrem Garten bilden und zugleich Entspannungs- und Wohlf\u00fchloase f\u00fcr die ganze Familie sein. Sie meinen, Ihr Garten ist zu klein daf\u00fcr? Irrtum, Ihrem erfrischenden Badevergn\u00fcgen steht nichts im Wege. Durch die immer individuell angepasste Technik sorgen wir f\u00fcr klares Wasser. Wir bedienen uns keinerlei chemischer Zus\u00e4tze, sondern lassen die Natur f\u00fcr Sie arbeiten.<\/p>\n<p style=\"font-family: Roboto, sans-serif; font-size: 18px;\">Lassen Sie Ihre Ideen vom eigenen Teich Wirklichkeit werden. Ob Kinderplanschbereich, Sprungfelsen, Rutsche, Sprudelbecken, Unterwassersitzbank oder Teichheizung, wir sind Ihr kompetenter Fachpartner.<\/p>\t\t\t\t\t<\/div>\n\t\t\t\t\t\t<\/div>\n\t\t\t\t<\/div>\n\t\t\t\t<section class=\"elementor-section elementor-inner-section elementor-element elementor-element-d8d913d elementor-section-boxed elementor-section-height-default elementor-section-height-default\" data-id=\"d8d913d\" data-element_type=\"section\">\n\t\t\t\t\t\t<div class=\"elementor-container elementor-column-gap-default\">\n\t\t\t\t\t\t\t<div class=\"elementor-row\">\n\t\t\t\t\t<div class=\"elementor-column elementor-col-50 elementor-inner-column elementor-element elementor-element-5123e61\" data-id=\"5123e61\" data-element_type=\"column\">\n\t\t\t<div class=\"elementor-column-wrap\">\n\t\t\t\t\t\t\t<div class=\"elementor-widget-wrap\">\n\t\t\t\t\t\t\t\t<\/div>\n\t\t\t\t\t<\/div>\n\t\t<\/div>\n\t\t\t\t<div class=\"elementor-column elementor-col-50 elementor-inner-column elementor-element elementor-element-b5dfaa7\" data-id=\"b5dfaa7\" data-element_type=\"column\">\n\t\t\t<div class=\"elementor-column-wrap\">\n\t\t\t\t\t\t\t<div class=\"elementor-widget-wrap\">\n\t\t\t\t\t\t\t\t<\/div>\n\t\t\t\t\t<\/div>\n\t\t<\/div>\n\t\t\t\t\t\t\t\t<\/div>\n\t\t\t\t\t<\/div>\n\t\t<\/section>\n\t\t\t\t\t\t<\/div>\n\t\t\t\t\t<\/div>\n\t\t<\/div>\n\t\t\t\t\t\t\t\t<\/div>\n\t\t\t\t\t<\/div>\n\t\t<\/section>\n\t\t\t\t\t\t\t\t\t<\/div>\n\t\t\t<\/div>\n\t\t\t\t\t<\/div>\n\t\t","protected":false},"excerpt":{"rendered":"<p>Wasser im Garten Wasser ist Leben! Sprudelnde Quellsteine, verwunschene Brunnen, pl\u00e4tschernde Wasserf\u00e4lle und sanft bewegte Bachl\u00e4ufe bringen eine lebendige Atmosph\u00e4re in Ihren Garten. Teiche schaffen Lebensraum f\u00fcr unz\u00e4hlige Arten von Leben, die zum Staunen und Beobachten einladen. Verweilen Sie bei \u00fcppigen Seerosen und vergessen Sie die Sorgen des Alltags. Schwimmteiche &amp; Naturpools Ein Schwimmteich oder [&hellip;]<\/p>\n","protected":false},"author":1,"featured_media":0,"parent":31,"menu_order":0,"comment_status":"closed","ping_status":"closed","template":"","meta":{"ngg_post_thumbnail":0},"_links":{"self":[{"href":"https:\/\/www.ihrgartengestalter.at\/index.php\/wp-json\/wp\/v2\/pages\/78"}],"collection":[{"href":"https:\/\/www.ihrgartengestalter.at\/index.php\/wp-json\/wp\/v2\/pages"}],"about":[{"href":"https:\/\/www.ihrgartengestalter.at\/index.php\/wp-json\/wp\/v2\/types\/page"}],"author":[{"embeddable":true,"href":"https:\/\/www.ihrgartengestalter.at\/index.php\/wp-json\/wp\/v2\/users\/1"}],"replies":[{"embeddable":true,"href":"https:\/\/www.ihrgartengestalter.at\/index.php\/wp-json\/wp\/v2\/comments?post=78"}],"version-history":[{"count":14,"href":"https:\/\/www.ihrgartengestalter.at\/index.php\/wp-json\/wp\/v2\/pages\/78\/revisions"}],"predecessor-version":[{"id":1259,"href":"https:\/\/www.ihrgartengestalter.at\/index.php\/wp-json\/wp\/v2\/pages\/78\/revisions\/1259"}],"up":[{"embeddable":true,"href":"https:\/\/www.ihrgartengestalter.at\/index.php\/wp-json\/wp\/v2\/pages\/31"}],"wp:attachment":[{"href":"https:\/\/www.ihrgartengestalter.at\/index.php\/wp-json\/wp\/v2\/media?parent=78"}],"curies":[{"name":"wp","href":"https:\/\/api.w.org\/{rel}","templated":true}]}}